{"id":2603,"date":"2024-08-04T15:58:24","date_gmt":"2024-08-04T13:58:24","guid":{"rendered":"https:\/\/varazsoldal.hu\/?page_id=2603"},"modified":"2024-08-04T15:58:24","modified_gmt":"2024-08-04T13:58:24","slug":"impresszum","status":"publish","type":"page","link":"https:\/\/varazsoldal.hu\/hu\/impresszum\/","title":{"rendered":"Impresszum"},"content":{"rendered":"<header class=\"entry-header\">\n<h1 class=\"entry-title\">Impresszum minta webshopokhoz<\/h1>\n<\/header>\n<div class=\"entry-content clear\">\n<p>\u00dczemeltet\u0151 neve: _________________<\/p>\n<p>\u00dczemeltet\u0151 k\u00e9pvisel\u0151je: _________________<\/p>\n<p>Sz\u00e9khely: _________________<\/p>\n<p>Tel: _________________<\/p>\n<p>E-mail: _________________<\/p>\n<p>Ad\u00f3sz\u00e1m: _________________<\/p>\n<p>A t\u00e1rhely-szolg\u00e1ltat\u00f3 neve: _________________<\/p>\n<p>A t\u00e1rhely-szolg\u00e1ltat\u00f3 c\u00edme: _________________<\/p>\n<p>A t\u00e1rhely-szolg\u00e1ltat\u00f3 e-mail c\u00edme: _________________<\/p>\n<p>A t\u00e1rhely-szolg\u00e1ltat\u00f3 weboldala: _________________<\/p>\n<\/div>","protected":false},"excerpt":{"rendered":"<p>Impresszum minta webshopokhoz \u00dczemeltet\u0151 neve: _________________ \u00dczemeltet\u0151 k\u00e9pvisel\u0151je: _________________ Sz\u00e9khely: _________________ Tel: _________________ E-mail: _________________ Ad\u00f3sz\u00e1m: _________________ A t\u00e1rhely-szolg\u00e1ltat\u00f3 neve: _________________ A t\u00e1rhely-szolg\u00e1ltat\u00f3 c\u00edme: _________________ A t\u00e1rhely-szolg\u00e1ltat\u00f3 e-mail c\u00edme: _________________ A t\u00e1rhely-szolg\u00e1ltat\u00f3 weboldala: _________________<\/p>","protected":false},"author":1,"featured_media":0,"parent":0,"menu_order":0,"comment_status":"closed","ping_status":"closed","template":"","meta":{"_seopress_robots_primary_cat":"","_seopress_titles_title":"","_seopress_titles_desc":"","_seopress_robots_index":"","site-sidebar-layout":"default","site-content-layout":"","ast-site-content-layout":"default","site-content-style":"default","site-sidebar-style":"default","ast-global-header-display":"","ast-banner-title-visibility":"","ast-main-header-display":"","ast-hfb-above-header-display":"","ast-hfb-below-header-display":"","ast-hfb-mobile-header-display":"","site-post-title":"","ast-breadcrumbs-content":"","ast-featured-img":"","footer-sml-layout":"","ast-disable-related-posts":"","theme-transparent-header-meta":"default","adv-header-id-meta":"","stick-header-meta":"","header-above-stick-meta":"","header-main-stick-meta":"","header-below-stick-meta":"","astra-migrate-meta-layouts":"set","ast-page-background-enabled":"default","ast-page-background-meta":{"desktop":{"background-color":"var(--ast-global-color-4)","background-image":"","background-repeat":"repeat","background-position":"center center","background-size":"auto","background-attachment":"scroll","background-type":"","background-media":"","overlay-type":"","overlay-color":"","overlay-opacity":"","overlay-gradient":""},"tablet":{"background-color":"","background-image":"","background-repeat":"repeat","background-position":"center center","background-size":"auto","background-attachment":"scroll","background-type":"","background-media":"","overlay-type":"","overlay-color":"","overlay-opacity":"","overlay-gradient":""},"mobile":{"background-color":"","background-image":"","background-repeat":"repeat","background-position":"center center","background-size":"auto","background-attachment":"scroll","background-type":"","background-media":"","overlay-type":"","overlay-color":"","overlay-opacity":"","overlay-gradient":""}},"ast-content-background-meta":{"desktop":{"background-color":"var(--ast-global-color-5)","background-image":"","background-repeat":"repeat","background-position":"center center","background-size":"auto","background-attachment":"scroll","background-type":"","background-media":"","overlay-type":"","overlay-color":"","overlay-opacity":"","overlay-gradient":""},"tablet":{"background-color":"var(--ast-global-color-5)","background-image":"","background-repeat":"repeat","background-position":"center center","background-size":"auto","background-attachment":"scroll","background-type":"","background-media":"","overlay-type":"","overlay-color":"","overlay-opacity":"","overlay-gradient":""},"mobile":{"background-color":"var(--ast-global-color-5)","background-image":"","background-repeat":"repeat","background-position":"center center","background-size":"auto","background-attachment":"scroll","background-type":"","background-media":"","overlay-type":"","overlay-color":"","overlay-opacity":"","overlay-gradient":""}},"footnotes":""},"class_list":["post-2603","page","type-page","status-publish","hentry"],"yoast_head":"<!-- This site is optimized with the Yoast SEO plugin v25.6 - https:\/\/yoast.com\/wordpress\/plugins\/seo\/ -->\n<title>Impresszum - Varazsoldal<\/title>\n<meta name=\"robots\" content=\"index, follow, max-snippet:-1, max-image-preview:large, max-video-preview:-1\" \/>\n<link rel=\"canonical\" href=\"https:\/\/varazsoldal.hu\/hu\/impresszum\/\" \/>\n<meta property=\"og:locale\" content=\"hu_HU\" \/>\n<meta property=\"og:type\" content=\"article\" \/>\n<meta property=\"og:title\" content=\"Impresszum - Varazsoldal\" \/>\n<meta property=\"og:description\" content=\"Impresszum minta webshopokhoz \u00dczemeltet\u0151 neve:\u00a0_________________ \u00dczemeltet\u0151 k\u00e9pvisel\u0151je:\u00a0_________________ Sz\u00e9khely:\u00a0_________________ Tel:\u00a0_________________ E-mail:\u00a0_________________ Ad\u00f3sz\u00e1m:\u00a0_________________ A t\u00e1rhely-szolg\u00e1ltat\u00f3 neve:\u00a0_________________ A t\u00e1rhely-szolg\u00e1ltat\u00f3 c\u00edme:\u00a0_________________ A t\u00e1rhely-szolg\u00e1ltat\u00f3 e-mail c\u00edme:\u00a0_________________ A t\u00e1rhely-szolg\u00e1ltat\u00f3 weboldala:\u00a0_________________\" \/>\n<meta property=\"og:url\" content=\"https:\/\/varazsoldal.hu\/hu\/impresszum\/\" \/>\n<meta property=\"og:site_name\" content=\"Varazsoldal\" \/>\n<meta name=\"twitter:card\" content=\"summary_large_image\" \/>\n<script type=\"application\/ld+json\" class=\"yoast-schema-graph\">{\"@context\":\"https:\/\/schema.org\",\"@graph\":[{\"@type\":\"WebPage\",\"@id\":\"https:\/\/varazsoldal.hu\/impresszum\/\",\"url\":\"https:\/\/varazsoldal.hu\/impresszum\/\",\"name\":\"Impresszum - Varazsoldal\",\"isPartOf\":{\"@id\":\"https:\/\/varazsoldal.hu\/#website\"},\"datePublished\":\"2024-08-04T13:58:24+00:00\",\"breadcrumb\":{\"@id\":\"https:\/\/varazsoldal.hu\/impresszum\/#breadcrumb\"},\"inLanguage\":\"hu\",\"potentialAction\":[{\"@type\":\"ReadAction\",\"target\":[\"https:\/\/varazsoldal.hu\/impresszum\/\"]}]},{\"@type\":\"BreadcrumbList\",\"@id\":\"https:\/\/varazsoldal.hu\/impresszum\/#breadcrumb\",\"itemListElement\":[{\"@type\":\"ListItem\",\"position\":1,\"name\":\"Kezd\u0151lap\",\"item\":\"https:\/\/varazsoldal.hu\/\"},{\"@type\":\"ListItem\",\"position\":2,\"name\":\"Impresszum\"}]},{\"@type\":\"WebSite\",\"@id\":\"https:\/\/varazsoldal.hu\/#website\",\"url\":\"https:\/\/varazsoldal.hu\/\",\"name\":\"Varazsoldal\",\"description\":\"\",\"publisher\":{\"@id\":\"https:\/\/varazsoldal.hu\/#organization\"},\"potentialAction\":[{\"@type\":\"SearchAction\",\"target\":{\"@type\":\"EntryPoint\",\"urlTemplate\":\"https:\/\/varazsoldal.hu\/?s={search_term_string}\"},\"query-input\":{\"@type\":\"PropertyValueSpecification\",\"valueRequired\":true,\"valueName\":\"search_term_string\"}}],\"inLanguage\":\"hu\"},{\"@type\":\"Organization\",\"@id\":\"https:\/\/varazsoldal.hu\/#organization\",\"name\":\"Varazsoldal\",\"url\":\"https:\/\/varazsoldal.hu\/\",\"logo\":{\"@type\":\"ImageObject\",\"inLanguage\":\"hu\",\"@id\":\"https:\/\/varazsoldal.hu\/#\/schema\/logo\/image\/\",\"url\":\"https:\/\/varazsoldal.hu\/wp-content\/uploads\/2023\/02\/logo-regular.png\",\"contentUrl\":\"https:\/\/varazsoldal.hu\/wp-content\/uploads\/2023\/02\/logo-regular.png\",\"width\":139,\"height\":44,\"caption\":\"Varazsoldal\"},\"image\":{\"@id\":\"https:\/\/varazsoldal.hu\/#\/schema\/logo\/image\/\"}}]}<\/script>\n<!-- \/ Yoast SEO plugin. -->","yoast_head_json":{"title":"Impresszum - Varazsoldal","robots":{"index":"index","follow":"follow","max-snippet":"max-snippet:-1","max-image-preview":"max-image-preview:large","max-video-preview":"max-video-preview:-1"},"canonical":"https:\/\/varazsoldal.hu\/hu\/impresszum\/","og_locale":"hu_HU","og_type":"article","og_title":"Impresszum - Varazsoldal","og_description":"Impresszum minta webshopokhoz \u00dczemeltet\u0151 neve:\u00a0_________________ \u00dczemeltet\u0151 k\u00e9pvisel\u0151je:\u00a0_________________ Sz\u00e9khely:\u00a0_________________ Tel:\u00a0_________________ E-mail:\u00a0_________________ Ad\u00f3sz\u00e1m:\u00a0_________________ A t\u00e1rhely-szolg\u00e1ltat\u00f3 neve:\u00a0_________________ A t\u00e1rhely-szolg\u00e1ltat\u00f3 c\u00edme:\u00a0_________________ A t\u00e1rhely-szolg\u00e1ltat\u00f3 e-mail c\u00edme:\u00a0_________________ A t\u00e1rhely-szolg\u00e1ltat\u00f3 weboldala:\u00a0_________________","og_url":"https:\/\/varazsoldal.hu\/hu\/impresszum\/","og_site_name":"Varazsoldal","twitter_card":"summary_large_image","schema":{"@context":"https:\/\/schema.org","@graph":[{"@type":"WebPage","@id":"https:\/\/varazsoldal.hu\/impresszum\/","url":"https:\/\/varazsoldal.hu\/impresszum\/","name":"Impresszum - Varazsoldal","isPartOf":{"@id":"https:\/\/varazsoldal.hu\/#website"},"datePublished":"2024-08-04T13:58:24+00:00","breadcrumb":{"@id":"https:\/\/varazsoldal.hu\/impresszum\/#breadcrumb"},"inLanguage":"hu","potentialAction":[{"@type":"ReadAction","target":["https:\/\/varazsoldal.hu\/impresszum\/"]}]},{"@type":"BreadcrumbList","@id":"https:\/\/varazsoldal.hu\/impresszum\/#breadcrumb","itemListElement":[{"@type":"ListItem","position":1,"name":"Kezd\u0151lap","item":"https:\/\/varazsoldal.hu\/"},{"@type":"ListItem","position":2,"name":"Impresszum"}]},{"@type":"WebSite","@id":"https:\/\/varazsoldal.hu\/#website","url":"https:\/\/varazsoldal.hu\/","name":"Varazsoldal","description":"","publisher":{"@id":"https:\/\/varazsoldal.hu\/#organization"},"potentialAction":[{"@type":"SearchAction","target":{"@type":"EntryPoint","urlTemplate":"https:\/\/varazsoldal.hu\/?s={search_term_string}"},"query-input":{"@type":"PropertyValueSpecification","valueRequired":true,"valueName":"search_term_string"}}],"inLanguage":"hu"},{"@type":"Organization","@id":"https:\/\/varazsoldal.hu\/#organization","name":"Varazsoldal","url":"https:\/\/varazsoldal.hu\/","logo":{"@type":"ImageObject","inLanguage":"hu","@id":"https:\/\/varazsoldal.hu\/#\/schema\/logo\/image\/","url":"https:\/\/varazsoldal.hu\/wp-content\/uploads\/2023\/02\/logo-regular.png","contentUrl":"https:\/\/varazsoldal.hu\/wp-content\/uploads\/2023\/02\/logo-regular.png","width":139,"height":44,"caption":"Varazsoldal"},"image":{"@id":"https:\/\/varazsoldal.hu\/#\/schema\/logo\/image\/"}}]}},"_links":{"self":[{"href":"https:\/\/varazsoldal.hu\/hu\/wp-json\/wp\/v2\/pages\/2603"}],"collection":[{"href":"https:\/\/varazsoldal.hu\/hu\/wp-json\/wp\/v2\/pages"}],"about":[{"href":"https:\/\/varazsoldal.hu\/hu\/wp-json\/wp\/v2\/types\/page"}],"author":[{"embeddable":true,"href":"https:\/\/varazsoldal.hu\/hu\/wp-json\/wp\/v2\/users\/1"}],"replies":[{"embeddable":true,"href":"https:\/\/varazsoldal.hu\/hu\/wp-json\/wp\/v2\/comments?post=2603"}],"version-history":[{"count":1,"href":"https:\/\/varazsoldal.hu\/hu\/wp-json\/wp\/v2\/pages\/2603\/revisions"}],"predecessor-version":[{"id":2604,"href":"https:\/\/varazsoldal.hu\/hu\/wp-json\/wp\/v2\/pages\/2603\/revisions\/2604"}],"wp:attachment":[{"href":"https:\/\/varazsoldal.hu\/hu\/wp-json\/wp\/v2\/media?parent=2603"}],"curies":[{"name":"wp","href":"https:\/\/api.w.org\/{rel}","templated":true}]}}